{"id":1616,"date":"2025-05-06T07:55:50","date_gmt":"2025-05-06T07:55:50","guid":{"rendered":"https:\/\/www.profound.highermarketing.nl\/?page_id=1616"},"modified":"2026-02-10T10:48:13","modified_gmt":"2026-02-10T10:48:13","slug":"partnership-oxstone","status":"publish","type":"page","link":"https:\/\/profound.nl\/de\/partnership-oxstone\/","title":{"rendered":"partnership Oxstone"},"content":{"rendered":"<div data-elementor-type=\"wp-page\" data-elementor-id=\"1616\" class=\"elementor elementor-1616\" data-elementor-post-type=\"page\">\n\t\t\t\t\t\t<section class=\"elementor-section elementor-top-section elementor-element elementor-element-6b73dc2 elementor-section-content-middle elementor-reverse-mobile elementor-section-boxed elementor-section-height-default elementor-section-height-default\" data-id=\"6b73dc2\" data-element_type=\"section\" data-e-type=\"section\" data-settings=\"{&quot;background_background&quot;:&quot;gradient&quot;}\">\n\t\t\t\t\t\t\t<div class=\"elementor-background-overlay\"><\/div>\n\t\t\t\t\t\t\t<div class=\"elementor-container elementor-column-gap-default\">\n\t\t\t\t\t<div class=\"elementor-column elementor-col-50 elementor-top-column elementor-element elementor-element-e1aa1b8\" data-id=\"e1aa1b8\" data-element_type=\"column\" data-e-type=\"column\">\n\t\t\t<div class=\"elementor-widget-wrap elementor-element-populated\">\n\t\t\t\t\t\t<div class=\"elementor-element elementor-element-328e1d7 elementor-invisible elementor-widget elementor-widget-heading\" data-id=\"328e1d7\" data-element_type=\"widget\" data-e-type=\"widget\" data-settings=\"{&quot;_animation&quot;:&quot;fadeInLeft&quot;}\" data-widget_type=\"heading.default\">\n\t\t\t\t<div class=\"elementor-widget-container\">\n\t\t\t\t\t<h1 class=\"elementor-heading-title elementor-size-default\">Oxstone\n<\/h1>\t\t\t\t<\/div>\n\t\t\t\t<\/div>\n\t\t\t\t<div class=\"elementor-element elementor-element-2f94415 elementor-invisible elementor-widget elementor-widget-text-editor\" data-id=\"2f94415\" data-element_type=\"widget\" data-e-type=\"widget\" data-settings=\"{&quot;_animation&quot;:&quot;fadeInLeft&quot;,&quot;_animation_delay&quot;:250}\" data-widget_type=\"text-editor.default\">\n\t\t\t\t<div class=\"elementor-widget-container\">\n\t\t\t\t\t\t\t\t\t<p><b>Verbesserte Einblicke und Entdeckungen <\/b><\/p>\t\t\t\t\t\t\t\t<\/div>\n\t\t\t\t<\/div>\n\t\t\t\t<div class=\"elementor-element elementor-element-523e18f elementor-widget__width-auto animated-fast elementor-invisible elementor-widget elementor-widget-button\" data-id=\"523e18f\" data-element_type=\"widget\" data-e-type=\"widget\" data-settings=\"{&quot;_animation&quot;:&quot;bounceIn&quot;,&quot;_animation_delay&quot;:750}\" data-widget_type=\"button.default\">\n\t\t\t\t<div class=\"elementor-widget-container\">\n\t\t\t\t\t\t\t\t\t<div class=\"elementor-button-wrapper\">\n\t\t\t\t\t<a class=\"elementor-button elementor-button-link elementor-size-sm elementor-animation-grow\" href=\"https:\/\/www.oxstone.com\/\" target=\"_blank\" rel=\"noopener\">\n\t\t\t\t\t\t<span class=\"elementor-button-content-wrapper\">\n\t\t\t\t\t\t\t\t\t<span class=\"elementor-button-text\">Partnerschaft Oxstone<\/span>\n\t\t\t\t\t<\/span>\n\t\t\t\t\t<\/a>\n\t\t\t\t<\/div>\n\t\t\t\t\t\t\t\t<\/div>\n\t\t\t\t<\/div>\n\t\t\t\t<div class=\"elementor-element elementor-element-157639f elementor-widget__width-auto animated-fast elementor-hidden-desktop elementor-hidden-tablet elementor-hidden-mobile elementor-invisible elementor-widget elementor-widget-button\" data-id=\"157639f\" data-element_type=\"widget\" data-e-type=\"widget\" data-settings=\"{&quot;_animation&quot;:&quot;bounceIn&quot;,&quot;_animation_delay&quot;:800}\" data-widget_type=\"button.default\">\n\t\t\t\t<div class=\"elementor-widget-container\">\n\t\t\t\t\t\t\t\t\t<div class=\"elementor-button-wrapper\">\n\t\t\t\t\t<a class=\"elementor-button elementor-button-link elementor-size-sm\" href=\"#\">\n\t\t\t\t\t\t<span class=\"elementor-button-content-wrapper\">\n\t\t\t\t\t\t\t\t\t<span class=\"elementor-button-text\">Demo anfordern<\/span>\n\t\t\t\t\t<\/span>\n\t\t\t\t\t<\/a>\n\t\t\t\t<\/div>\n\t\t\t\t\t\t\t\t<\/div>\n\t\t\t\t<\/div>\n\t\t\t\t\t<\/div>\n\t\t<\/div>\n\t\t\t\t<div class=\"elementor-column elementor-col-50 elementor-top-column elementor-element elementor-element-fcf08e6\" data-id=\"fcf08e6\" data-element_type=\"column\" data-e-type=\"column\">\n\t\t\t<div class=\"elementor-widget-wrap elementor-element-populated\">\n\t\t\t\t\t\t<div class=\"elementor-element elementor-element-7e7c702 elementor-invisible elementor-widget elementor-widget-image\" data-id=\"7e7c702\" data-element_type=\"widget\" data-e-type=\"widget\" data-settings=\"{&quot;_animation&quot;:&quot;fadeInRight&quot;}\" data-widget_type=\"image.default\">\n\t\t\t\t<div class=\"elementor-widget-container\">\n\t\t\t\t\t\t\t\t\t\t\t\t\t\t\t<img decoding=\"async\" width=\"768\" height=\"1\" src=\"https:\/\/profound.nl\/wp-content\/uploads\/2025\/04\/Oxstone.svg\" class=\"attachment-medium_large size-medium_large wp-image-1513\" alt=\"\" \/>\t\t\t\t\t\t\t\t\t\t\t\t\t\t\t<\/div>\n\t\t\t\t<\/div>\n\t\t\t\t\t<\/div>\n\t\t<\/div>\n\t\t\t\t\t<\/div>\n\t\t<\/section>\n\t\t<div class=\"elementor-element elementor-element-affb286 e-flex e-con-boxed elementor-invisible e-con e-parent\" data-id=\"affb286\" data-element_type=\"container\" data-e-type=\"container\" data-settings=\"{&quot;animation&quot;:&quot;fadeIn&quot;,&quot;animation_delay&quot;:250}\">\n\t\t\t\t\t<div class=\"e-con-inner\">\n\t\t<div class=\"elementor-element elementor-element-33f7d03 e-con-full e-flex e-con e-child\" data-id=\"33f7d03\" data-element_type=\"container\" data-e-type=\"container\" data-settings=\"{&quot;background_background&quot;:&quot;classic&quot;}\">\n\t\t\t\t<div class=\"elementor-element elementor-element-f07c573 elementor-widget elementor-widget-text-editor\" data-id=\"f07c573\" data-element_type=\"widget\" data-e-type=\"widget\" data-widget_type=\"text-editor.default\">\n\t\t\t\t<div class=\"elementor-widget-container\">\n\t\t\t\t\t\t\t\t\t<p style=\"text-align: left;\"><b>Entwickelt f\u00fcr den Erfolg, in jedem Sektor<\/b><\/p><p style=\"text-align: left;\">Oxstone unterst\u00fctzt Unternehmen in jedem Infrastrukturbereich durch die Bereitstellung von Echtzeit-Dateneinblicken, die es ihnen erm\u00f6glichen, unabh\u00e4ngig von der Projektart oder den Herausforderungen der Branche erfolgreich zu sein<\/p>\t\t\t\t\t\t\t\t<\/div>\n\t\t\t\t<\/div>\n\t\t\t\t<div class=\"elementor-element elementor-element-be80eb6 elementor-widget elementor-widget-image\" data-id=\"be80eb6\" data-element_type=\"widget\" data-e-type=\"widget\" data-widget_type=\"image.default\">\n\t\t\t\t<div class=\"elementor-widget-container\">\n\t\t\t\t\t\t\t\t\t\t\t\t\t\t\t<img fetchpriority=\"high\" decoding=\"async\" width=\"800\" height=\"525\" src=\"https:\/\/profound.nl\/wp-content\/uploads\/2025\/05\/Dashboard_2.jpg\" class=\"attachment-large size-large wp-image-1651\" alt=\"\" srcset=\"https:\/\/profound.nl\/wp-content\/uploads\/2025\/05\/Dashboard_2.jpg 904w, https:\/\/profound.nl\/wp-content\/uploads\/2025\/05\/Dashboard_2-300x197.jpg 300w, https:\/\/profound.nl\/wp-content\/uploads\/2025\/05\/Dashboard_2-768x504.jpg 768w, https:\/\/profound.nl\/wp-content\/uploads\/2025\/05\/Dashboard_2-18x12.jpg 18w\" sizes=\"(max-width: 800px) 100vw, 800px\" \/>\t\t\t\t\t\t\t\t\t\t\t\t\t\t\t<\/div>\n\t\t\t\t<\/div>\n\t\t\t\t<\/div>\n\t\t<div class=\"elementor-element elementor-element-89a0a0b e-con-full e-flex e-con e-child\" data-id=\"89a0a0b\" data-element_type=\"container\" data-e-type=\"container\" data-settings=\"{&quot;background_background&quot;:&quot;classic&quot;}\">\n\t\t\t\t<div class=\"elementor-element elementor-element-6d9fd8a elementor-widget elementor-widget-text-editor\" data-id=\"6d9fd8a\" data-element_type=\"widget\" data-e-type=\"widget\" data-widget_type=\"text-editor.default\">\n\t\t\t\t<div class=\"elementor-widget-container\">\n\t\t\t\t\t\t\t\t\t<p style=\"text-align: left;\"><b>Schnelle Einrichtung f\u00fcr mehr Produktivit\u00e4t<\/b><\/p><p style=\"text-align: left;\">Genie\u00dfen Sie die schnelle Einrichtung und m\u00fchelose Verwaltung mit Smart Data Import und anpassbaren Sensorvorlagen, die Ihren Arbeitsablauf optimieren.<\/p>\t\t\t\t\t\t\t\t<\/div>\n\t\t\t\t<\/div>\n\t\t\t\t<div class=\"elementor-element elementor-element-a6c914a elementor-widget elementor-widget-image\" data-id=\"a6c914a\" data-element_type=\"widget\" data-e-type=\"widget\" data-widget_type=\"image.default\">\n\t\t\t\t<div class=\"elementor-widget-container\">\n\t\t\t\t\t\t\t\t\t\t\t\t\t\t\t<img decoding=\"async\" width=\"800\" height=\"486\" src=\"https:\/\/profound.nl\/wp-content\/uploads\/2025\/05\/Quick-setup-for-enhanced-productivity.png\" class=\"attachment-large size-large wp-image-1619\" alt=\"\" srcset=\"https:\/\/profound.nl\/wp-content\/uploads\/2025\/05\/Quick-setup-for-enhanced-productivity.png 1024w, https:\/\/profound.nl\/wp-content\/uploads\/2025\/05\/Quick-setup-for-enhanced-productivity-300x182.png 300w, https:\/\/profound.nl\/wp-content\/uploads\/2025\/05\/Quick-setup-for-enhanced-productivity-768x467.png 768w, https:\/\/profound.nl\/wp-content\/uploads\/2025\/05\/Quick-setup-for-enhanced-productivity-18x12.png 18w\" sizes=\"(max-width: 800px) 100vw, 800px\" \/>\t\t\t\t\t\t\t\t\t\t\t\t\t\t\t<\/div>\n\t\t\t\t<\/div>\n\t\t\t\t<\/div>\n\t\t<div class=\"elementor-element elementor-element-ab1e9b8 e-con-full e-flex e-con e-child\" data-id=\"ab1e9b8\" data-element_type=\"container\" data-e-type=\"container\" data-settings=\"{&quot;background_background&quot;:&quot;classic&quot;}\">\n\t\t\t\t<div class=\"elementor-element elementor-element-3e59da2 elementor-widget elementor-widget-text-editor\" data-id=\"3e59da2\" data-element_type=\"widget\" data-e-type=\"widget\" data-widget_type=\"text-editor.default\">\n\t\t\t\t<div class=\"elementor-widget-container\">\n\t\t\t\t\t\t\t\t\t<p style=\"text-align: left;\"><b>Nahtloser Zugang mit Single Sign-On<\/b><\/p><p style=\"text-align: left;\">Erleben Sie eine nahtlose Einrichtung und verbesserte Sicherheit mit Single Sign-On (SSO), so dass Sie sich einmal anmelden und m\u00fchelos loslegen k\u00f6nnen.<\/p>\t\t\t\t\t\t\t\t<\/div>\n\t\t\t\t<\/div>\n\t\t\t\t<div class=\"elementor-element elementor-element-333b9da elementor-widget elementor-widget-image\" data-id=\"333b9da\" data-element_type=\"widget\" data-e-type=\"widget\" data-widget_type=\"image.default\">\n\t\t\t\t<div class=\"elementor-widget-container\">\n\t\t\t\t\t\t\t\t\t\t\t\t\t\t\t<img loading=\"lazy\" decoding=\"async\" width=\"800\" height=\"466\" src=\"https:\/\/profound.nl\/wp-content\/uploads\/2025\/05\/Layout-1024x596.png\" class=\"attachment-large size-large wp-image-1653\" alt=\"\" srcset=\"https:\/\/profound.nl\/wp-content\/uploads\/2025\/05\/Layout-1024x596.png 1024w, https:\/\/profound.nl\/wp-content\/uploads\/2025\/05\/Layout-300x175.png 300w, https:\/\/profound.nl\/wp-content\/uploads\/2025\/05\/Layout-768x447.png 768w, https:\/\/profound.nl\/wp-content\/uploads\/2025\/05\/Layout-18x10.png 18w, https:\/\/profound.nl\/wp-content\/uploads\/2025\/05\/Layout.png 1292w\" sizes=\"(max-width: 800px) 100vw, 800px\" \/>\t\t\t\t\t\t\t\t\t\t\t\t\t\t\t<\/div>\n\t\t\t\t<\/div>\n\t\t\t\t<\/div>\n\t\t\t\t\t<\/div>\n\t\t\t\t<\/div>\n\t\t<div class=\"elementor-element elementor-element-51eccb8 e-flex e-con-boxed e-con e-parent\" data-id=\"51eccb8\" data-element_type=\"container\" data-e-type=\"container\">\n\t\t\t\t\t<div class=\"e-con-inner\">\n\t\t<div class=\"elementor-element elementor-element-ac254a7 e-con-full e-flex e-con e-child\" data-id=\"ac254a7\" data-element_type=\"container\" data-e-type=\"container\" data-settings=\"{&quot;background_background&quot;:&quot;classic&quot;}\">\n\t\t\t\t<div class=\"elementor-element elementor-element-306a1f9 elementor-widget elementor-widget-text-editor\" data-id=\"306a1f9\" data-element_type=\"widget\" data-e-type=\"widget\" data-widget_type=\"text-editor.default\">\n\t\t\t\t<div class=\"elementor-widget-container\">\n\t\t\t\t\t\t\t\t\t<p><b>Entdecken Sie <\/b><b>Oxstone<\/b><b>: <\/b><\/p><p><b><br \/>Buchen Sie Ihre Live-Demo<\/b><\/p><p>Sehen Sie, wie Oxstone die \u00dcberwachung vereinfacht, Warnungen automatisiert und Ihre Daten nahtlos aufbewahrt - alles in Echtzeit. In dieser Live-Demo f\u00fchren wir Sie durch die wichtigsten Funktionen, beantworten Ihre Fragen und zeigen Ihnen, wie Oxstone Ihre Anforderungen erf\u00fcllen kann.<\/p>\t\t\t\t\t\t\t\t<\/div>\n\t\t\t\t<\/div>\n\t\t\t\t<div class=\"elementor-element elementor-element-ee5052e elementor-widget__width-auto elementor-widget elementor-widget-button\" data-id=\"ee5052e\" data-element_type=\"widget\" data-e-type=\"widget\" data-widget_type=\"button.default\">\n\t\t\t\t<div class=\"elementor-widget-container\">\n\t\t\t\t\t\t\t\t\t<div class=\"elementor-button-wrapper\">\n\t\t\t\t\t<a class=\"elementor-button elementor-button-link elementor-size-sm elementor-animation-grow\" href=\"https:\/\/www.oxstone.com\/\" target=\"_blank\" rel=\"noopener\">\n\t\t\t\t\t\t<span class=\"elementor-button-content-wrapper\">\n\t\t\t\t\t\t\t\t\t<span class=\"elementor-button-text\">Oxstone<\/span>\n\t\t\t\t\t<\/span>\n\t\t\t\t\t<\/a>\n\t\t\t\t<\/div>\n\t\t\t\t\t\t\t\t<\/div>\n\t\t\t\t<\/div>\n\t\t\t\t<\/div>\n\t\t\t\t\t<\/div>\n\t\t\t\t<\/div>\n\t\t\t\t<\/div>","protected":false},"excerpt":{"rendered":"<p>Oxstone Empowering Insights and Discovery Partnership Oxstone Request a demo Engineered for success, across every sector Oxstone empowers organizations in every infrastructure sector by providing real-time data insights, enabling them to succeed regardless of project type or industry challenges Quick setup for enhanced productivity Enjoy quick setup and effortless management with Smart Data Import and [&hellip;]<\/p>\n","protected":false},"author":1,"featured_media":0,"parent":0,"menu_order":0,"comment_status":"closed","ping_status":"closed","template":"","meta":{"inline_featured_image":false,"footnotes":""},"class_list":["post-1616","page","type-page","status-publish","hentry"],"_links":{"self":[{"href":"https:\/\/profound.nl\/de\/wp-json\/wp\/v2\/pages\/1616","targetHints":{"allow":["GET"]}}],"collection":[{"href":"https:\/\/profound.nl\/de\/wp-json\/wp\/v2\/pages"}],"about":[{"href":"https:\/\/profound.nl\/de\/wp-json\/wp\/v2\/types\/page"}],"author":[{"embeddable":true,"href":"https:\/\/profound.nl\/de\/wp-json\/wp\/v2\/users\/1"}],"replies":[{"embeddable":true,"href":"https:\/\/profound.nl\/de\/wp-json\/wp\/v2\/comments?post=1616"}],"version-history":[{"count":11,"href":"https:\/\/profound.nl\/de\/wp-json\/wp\/v2\/pages\/1616\/revisions"}],"predecessor-version":[{"id":2279,"href":"https:\/\/profound.nl\/de\/wp-json\/wp\/v2\/pages\/1616\/revisions\/2279"}],"wp:attachment":[{"href":"https:\/\/profound.nl\/de\/wp-json\/wp\/v2\/media?parent=1616"}],"curies":[{"name":"wp","href":"https:\/\/api.w.org\/{rel}","templated":true}]}}